{"id":523,"date":"2021-08-10T11:11:19","date_gmt":"2021-08-10T11:11:19","guid":{"rendered":"http:\/\/www.kadihukuk.com\/?page_id=523"},"modified":"2021-08-10T11:11:39","modified_gmt":"2021-08-10T11:11:39","slug":"kariyer","status":"publish","type":"page","link":"https:\/\/www.kadihukuk.com\/en\/kariyer\/","title":{"rendered":"Bizimle \u00c7al\u0131\u015fmak \u0130ster Misiniz?"},"content":{"rendered":"<p class=\"has-text-align-left\">Mesleki kariyerini Kad\u0131 Hukuk B\u00fcrosu\u2019nda s\u00fcrd\u00fcrmek isteyen meslekta\u015flar\u0131m\u0131z\u0131n b\u00fcromuza ba\u015fvuru yapmalar\u0131 halinde, her bir ba\u015fvuru, b\u00fcromuzun bug\u00fcne kadar geli\u015ftirmi\u015f oldu\u011fu mesleki ba\u015far\u0131 ve i\u015f disiplini kurallar\u0131 dahilinde de\u011ferlendirmeye al\u0131nacakt\u0131r.<\/p>\n\n\n\n<p>B\u00fcromuzun y\u00fcr\u00fctmekte oldu\u011fu profesyonel avukatl\u0131k, dan\u0131\u015fmanl\u0131k ve arabuluculuk faaliyetlerinde ekibimize kat\u0131larak, mesleki kariyerini kurumsal, ba\u015far\u0131l\u0131, etik kurallara sayg\u0131l\u0131 ve i\u015f disiplinine sahip Kad\u0131 Hukuk B\u00fcrosu\u2019nda s\u00fcrd\u00fcrmek isteyen meslekta\u015flar\u0131m\u0131zla \u00e7al\u0131\u015fmaktan bizler de mutluluk duyaca\u011f\u0131z. Her ge\u00e7en g\u00fcn b\u00fcy\u00fcmeye ve geli\u015fmeye devam eden Kad\u0131 Hukuk B\u00fcrosu kadrosunda yer almak isteyen; \u00e7\u00f6z\u00fcm odakl\u0131 bak\u0131\u015f a\u00e7\u0131s\u0131 geli\u015ftirebilen, tak\u0131m \u00e7al\u0131\u015fmas\u0131na uyum sa\u011flayabilecek, dinamik ve tercihen yabanc\u0131 dil hakimiyeti olan <strong>avukat<\/strong> ve <strong>stajyer avukat<\/strong> meslekta\u015flar\u0131m\u0131z <a href=\"mailto:iletisim@kadihukuk.com\">iletisim@kadihukuk.com<\/a> adresinden bizimle ileti\u015fime ge\u00e7ebileceklerdir.<\/p>","protected":false},"excerpt":{"rendered":"<p>Mesleki kariyerini Kad\u0131 Hukuk B\u00fcrosu\u2019nda s\u00fcrd\u00fcrmek isteyen meslekta\u015flar\u0131m\u0131z\u0131n b\u00fcromuza ba\u015fvuru yapmalar\u0131 halinde, her bir ba\u015fvuru, b\u00fcromuzun bug\u00fcne kadar geli\u015ftirmi\u015f oldu\u011fu mesleki ba\u015far\u0131 ve i\u015f disiplini kurallar\u0131 dahilinde de\u011ferlendirmeye al\u0131nacakt\u0131r. B\u00fcromuzun y\u00fcr\u00fctmekte oldu\u011fu profesyonel avukatl\u0131k, dan\u0131\u015fmanl\u0131k ve arabuluculuk faaliyetlerinde ekibimize kat\u0131larak, mesleki kariyerini kurumsal, ba\u015far\u0131l\u0131, etik kurallara sayg\u0131l\u0131 ve i\u015f disiplinine [&hellip;]<\/p>","protected":false},"author":1,"featured_media":293,"parent":0,"menu_order":0,"comment_status":"closed","ping_status":"closed","template":"","meta":[],"_links":{"self":[{"href":"https:\/\/www.kadihukuk.com\/en\/wp-json\/wp\/v2\/pages\/523"}],"collection":[{"href":"https:\/\/www.kadihukuk.com\/en\/wp-json\/wp\/v2\/pages"}],"about":[{"href":"https:\/\/www.kadihukuk.com\/en\/wp-json\/wp\/v2\/types\/page"}],"author":[{"embeddable":true,"href":"https:\/\/www.kadihukuk.com\/en\/wp-json\/wp\/v2\/users\/1"}],"replies":[{"embeddable":true,"href":"https:\/\/www.kadihukuk.com\/en\/wp-json\/wp\/v2\/comments?post=523"}],"version-history":[{"count":2,"href":"https:\/\/www.kadihukuk.com\/en\/wp-json\/wp\/v2\/pages\/523\/revisions"}],"predecessor-version":[{"id":535,"href":"https:\/\/www.kadihukuk.com\/en\/wp-json\/wp\/v2\/pages\/523\/revisions\/535"}],"wp:featuredmedia":[{"embeddable":true,"href":"https:\/\/www.kadihukuk.com\/en\/wp-json\/wp\/v2\/media\/293"}],"wp:attachment":[{"href":"https:\/\/www.kadihukuk.com\/en\/wp-json\/wp\/v2\/media?parent=523"}],"curies":[{"name":"wp","href":"https:\/\/api.w.org\/{rel}","templated":true}]}}