{"id":45,"date":"2020-06-13T19:24:00","date_gmt":"2020-06-13T19:24:00","guid":{"rendered":"http:\/\/www.kadihukuk.com\/blog\/?page_id=45"},"modified":"2021-01-28T05:35:55","modified_gmt":"2021-01-28T05:35:55","slug":"hakkimizda","status":"publish","type":"page","link":"https:\/\/www.kadihukuk.com\/en\/hakkimizda\/","title":{"rendered":"About Us"},"content":{"rendered":"<p class=\"has-text-align-left\">We are at your side for your legal consultancy, mediation and lawyer needs with our strong team.<\/p>\n\n\n\n<p><\/p>\n\n\n\n<p><\/p>\n\n\n\n<p><\/p>","protected":false},"excerpt":{"rendered":"<p>Kad\u0131 Hukuk B\u00fcrosu, \u0130stanbul merkezli olarak kurulan, T\u00fcrkiye genelinde hizmet veren yurtd\u0131\u015f\u0131nda bulunan i\u015f ortaklar\u0131 ile birlikte uluslararas\u0131 hizmeti de hedefleyen kurumsal nitelikte bir hukuk b\u00fcrosudur.. B\u00fcromuz, ger\u00e7ek ve t\u00fczel ki\u015filere hukukun her alan\u0131nda dan\u0131\u015fmanl\u0131k kapsam\u0131nda; \u00f6nleyici hukuk hizmeti sundu\u011fu gibi dava ve icra gibi hukuki s\u00fcre\u00e7lerde de \u00e7\u00f6z\u00fcme dayal\u0131 [&hellip;]<\/p>","protected":false},"author":3,"featured_media":67,"parent":0,"menu_order":0,"comment_status":"closed","ping_status":"closed","template":"","meta":[],"_links":{"self":[{"href":"https:\/\/www.kadihukuk.com\/en\/wp-json\/wp\/v2\/pages\/45"}],"collection":[{"href":"https:\/\/www.kadihukuk.com\/en\/wp-json\/wp\/v2\/pages"}],"about":[{"href":"https:\/\/www.kadihukuk.com\/en\/wp-json\/wp\/v2\/types\/page"}],"author":[{"embeddable":true,"href":"https:\/\/www.kadihukuk.com\/en\/wp-json\/wp\/v2\/users\/3"}],"replies":[{"embeddable":true,"href":"https:\/\/www.kadihukuk.com\/en\/wp-json\/wp\/v2\/comments?post=45"}],"version-history":[{"count":1,"href":"https:\/\/www.kadihukuk.com\/en\/wp-json\/wp\/v2\/pages\/45\/revisions"}],"predecessor-version":[{"id":47,"href":"https:\/\/www.kadihukuk.com\/en\/wp-json\/wp\/v2\/pages\/45\/revisions\/47"}],"wp:featuredmedia":[{"embeddable":true,"href":"https:\/\/www.kadihukuk.com\/en\/wp-json\/wp\/v2\/media\/67"}],"wp:attachment":[{"href":"https:\/\/www.kadihukuk.com\/en\/wp-json\/wp\/v2\/media?parent=45"}],"curies":[{"name":"wp","href":"https:\/\/api.w.org\/{rel}","templated":true}]}}