{"id":416,"date":"2021-02-05T13:57:30","date_gmt":"2021-02-05T13:57:30","guid":{"rendered":"http:\/\/www.kadihukuk.com\/?page_id=416"},"modified":"2024-09-14T08:47:46","modified_gmt":"2024-09-14T08:47:46","slug":"musa-enes","status":"publish","type":"page","link":"https:\/\/www.kadihukuk.com\/en\/musa-enes\/","title":{"rendered":"Musa Enes Tecim"},"content":{"rendered":"<div class=\"wp-block-columns alignwide\">\n<div class=\"wp-block-column\">\n<div class=\"wp-block-image\"><figure class=\"aligncenter size-large is-resized\"><img loading=\"lazy\" src=\"https:\/\/www.kadihukuk.com\/wp-content\/uploads\/2024\/09\/musa-enes-1.jpg-mail-1.jpg-1-1-685x1024.jpg\" alt=\"\" class=\"wp-image-635\" width=\"300\" height=\"448\" srcset=\"https:\/\/www.kadihukuk.com\/wp-content\/uploads\/2024\/09\/musa-enes-1.jpg-mail-1.jpg-1-1-685x1024.jpg 685w, https:\/\/www.kadihukuk.com\/wp-content\/uploads\/2024\/09\/musa-enes-1.jpg-mail-1.jpg-1-1-201x300.jpg 201w, https:\/\/www.kadihukuk.com\/wp-content\/uploads\/2024\/09\/musa-enes-1.jpg-mail-1.jpg-1-1-8x12.jpg 8w, https:\/\/www.kadihukuk.com\/wp-content\/uploads\/2024\/09\/musa-enes-1.jpg-mail-1.jpg-1-1.jpg 736w\" sizes=\"(max-width: 300px) 100vw, 300px\" \/><\/figure><\/div>\n<\/div>\n\n\n\n<div class=\"wp-block-column\">\n<p class=\"has-large-font-size\"><strong>Musa Enes Tecim<\/strong><\/p>\n\n\n\n<p>Musa Enes TEC\u0130M, Kad\u0131 Hukuk B\u00fcrosunun avukatlar\u0131ndand\u0131r. E\u011fitim hayat\u0131nda \u00e7e\u015fitli Sivil Toplum Kurulu\u015flar\u0131 b\u00fcnyesinde proje ve faaliyetlerde etkin g\u00f6rev alm\u0131\u015ft\u0131r. Profesyonel meslek hayat\u0131na 2022 y\u0131l\u0131nda Kad\u0131 Hukuk B\u00fcrosunda Stajyer olarak ba\u015flam\u0131\u015f, ayn\u0131 b\u00fcroda Avukat olarak hizmet vermeye devam etmektedir.<\/p>\n\n\n\n<p>\u00d6zellikle i\u015f hukuku, icra ve iflas hukuku, \u015firketler hukuku, gayrimenkul hukuku ve \u00e7e\u015fitli bir\u00e7ok alanda m\u00fcvekkillerine hizmet vermektedir.<\/p>\n\n\n\n<p><strong>E\u011fitim:<\/strong><\/p>\n\n\n\n<p>\u0130stanbul Ticaret \u00dcniversitesi, (2021, Tam Burslu)<\/p>\n\n\n\n<p>Anadolu \u00dcniversitesi Siyaset Bilmi ve Kamu Y\u00f6netimi (2021-)<\/p>\n\n\n\n<p><strong>Mesleki Deneyimler:<\/strong><\/p>\n\n\n\n<p>Avukatl\u0131k (2023- )<\/p>\n\n\n\n<p><strong>\u00dcyelikler:<\/strong><\/p>\n\n\n\n<p>\u0130stanbul Barosu, 2023<\/p>\n\n\n\n<p><strong>Diller:<\/strong><\/p>\n\n\n\n<p>T\u00fcrk\u00e7e (Ana dil), \u0130ngilizce(\u0130yi), Azerice(\u0130yi),\u00a0Arap\u00e7a\u00a0(Orta)<\/p>\n<\/div>\n<\/div>\n\n\n\n<p><\/p>","protected":false},"excerpt":{"rendered":"<p>Musa Enes Tecim Musa Enes TEC\u0130M, Kad\u0131 Hukuk B\u00fcrosunun avukatlar\u0131ndand\u0131r. E\u011fitim hayat\u0131nda \u00e7e\u015fitli Sivil Toplum Kurulu\u015flar\u0131 b\u00fcnyesinde proje ve faaliyetlerde etkin g\u00f6rev alm\u0131\u015ft\u0131r. Profesyonel meslek hayat\u0131na 2022 y\u0131l\u0131nda Kad\u0131 Hukuk B\u00fcrosunda Stajyer olarak ba\u015flam\u0131\u015f, ayn\u0131 b\u00fcroda Avukat olarak hizmet vermeye devam etmektedir. \u00d6zellikle i\u015f hukuku, icra ve iflas hukuku, \u015firketler [&hellip;]<\/p>","protected":false},"author":1,"featured_media":295,"parent":0,"menu_order":0,"comment_status":"closed","ping_status":"closed","template":"","meta":[],"_links":{"self":[{"href":"https:\/\/www.kadihukuk.com\/en\/wp-json\/wp\/v2\/pages\/416"}],"collection":[{"href":"https:\/\/www.kadihukuk.com\/en\/wp-json\/wp\/v2\/pages"}],"about":[{"href":"https:\/\/www.kadihukuk.com\/en\/wp-json\/wp\/v2\/types\/page"}],"author":[{"embeddable":true,"href":"https:\/\/www.kadihukuk.com\/en\/wp-json\/wp\/v2\/users\/1"}],"replies":[{"embeddable":true,"href":"https:\/\/www.kadihukuk.com\/en\/wp-json\/wp\/v2\/comments?post=416"}],"version-history":[{"count":6,"href":"https:\/\/www.kadihukuk.com\/en\/wp-json\/wp\/v2\/pages\/416\/revisions"}],"predecessor-version":[{"id":640,"href":"https:\/\/www.kadihukuk.com\/en\/wp-json\/wp\/v2\/pages\/416\/revisions\/640"}],"wp:featuredmedia":[{"embeddable":true,"href":"https:\/\/www.kadihukuk.com\/en\/wp-json\/wp\/v2\/media\/295"}],"wp:attachment":[{"href":"https:\/\/www.kadihukuk.com\/en\/wp-json\/wp\/v2\/media?parent=416"}],"curies":[{"name":"wp","href":"https:\/\/api.w.org\/{rel}","templated":true}]}}