{"id":397,"date":"2021-02-05T13:19:54","date_gmt":"2021-02-05T13:19:54","guid":{"rendered":"http:\/\/www.kadihukuk.com\/?page_id=397"},"modified":"2021-02-11T14:56:46","modified_gmt":"2021-02-11T14:56:46","slug":"muhammet-emin-guleryuz","status":"publish","type":"page","link":"https:\/\/www.kadihukuk.com\/en\/muhammet-emin-guleryuz\/","title":{"rendered":"Muhammet Emin G\u00fclery\u00fcz"},"content":{"rendered":"<div class=\"wp-block-columns alignwide\">\n<div class=\"wp-block-column\">\n<div class=\"wp-block-image\"><figure class=\"aligncenter size-large is-resized\"><img loading=\"lazy\" src=\"http:\/\/www.kadihukuk.com\/wp-content\/uploads\/2021\/02\/eminguleryuz2-e1612381706377.jpg\" alt=\"eminguleryuz\" class=\"wp-image-379\" width=\"367\" height=\"445\" srcset=\"https:\/\/www.kadihukuk.com\/wp-content\/uploads\/2021\/02\/eminguleryuz2-e1612381706377.jpg 591w, https:\/\/www.kadihukuk.com\/wp-content\/uploads\/2021\/02\/eminguleryuz2-e1612381706377-247x300.jpg 247w, https:\/\/www.kadihukuk.com\/wp-content\/uploads\/2021\/02\/eminguleryuz2-e1612381706377-10x12.jpg 10w\" sizes=\"(max-width: 367px) 100vw, 367px\" \/><\/figure><\/div>\n<\/div>\n\n\n\n<div class=\"wp-block-column\">\n<p class=\"has-text-align-left has-large-font-size\"><strong>Muhammet Emin G\u00fclery\u00fcz<\/strong><\/p>\n\n\n\n<p class=\"has-text-align-left\">Muhammet Emin G\u00fclery\u00fcz, Kad\u0131 Hukuk B\u00fcrosu\u2019nun kurucu orta\u011f\u0131d\u0131r. Profesyonel meslek hayat\u0131na 2008 y\u0131l\u0131nda serbest avukatl\u0131kla ba\u015flam\u0131\u015f, 2010-2017 y\u0131llar\u0131 aras\u0131nda h\u00e2kimlik yaparak devam etmi\u015ftir. 2017 y\u0131l\u0131nda h\u00e2kimlik mesle\u011finden ayr\u0131l\u0131p serbest avukatl\u0131\u011fa d\u00f6nen Muhammet Emin G\u00fclery\u00fcz bir s\u00fcre ulusal ve uluslararas\u0131 hizmet veren hukuk ofislerinde \u00e7al\u0131\u015fm\u0131\u015ft\u0131r.<\/p>\n\n\n\n<p>2019 y\u0131l\u0131nda Kad\u0131 Hukuk B\u00fcrosunu kurmu\u015f ve halen bu \u00e7at\u0131 alt\u0131nda avukatl\u0131k, dan\u0131\u015fmanl\u0131k ve arabuluculuk alanlar\u0131nda hizmet vermeye devam etmektedir.<\/p>\n\n\n\n<p>\u015eirketler hukuku, kooperatifler hukuku, fikri ve s\u0131nai m\u00fclkiyet hukuku, enerji hukuku, gayrimenkul hukuku, kentsel d\u00f6n\u00fc\u015f\u00fcm hukuku, tazminat hukuku, sigorta hukuku, vatanda\u015fl\u0131k hukuku ve ceza hukuku alanlar\u0131nda deneyime sahip olan kurucumuz bir\u00e7ok \u015firkete dan\u0131\u015fmanl\u0131k yapmakta ve \u00e7e\u015fitli konularda devam eden davalarda m\u00fcvekkillerine hizmet vermektedir.<\/p>\n\n\n\n<p><strong>E\u011fitim:<\/strong><\/p>\n\n\n\n<p>\u0130stanbul \u00dcniversitesi Hukuk Fak\u00fcltesi, 2007<\/p>\n\n\n\n<p><strong>Mesleki Deneyimler:<\/strong><\/p>\n\n\n\n<p>H\u00e2kimlik (2010-2017)<\/p>\n\n\n\n<p><strong>\u00dcyelikler:<\/strong><\/p>\n\n\n\n<p>Erzurum Barosu 2008<br>\u0130stanbul Barosu, 2017<\/p>\n\n\n\n<p><strong>Sertifikalar:<\/strong><\/p>\n\n\n\n<p>Arabuluculuk, 2019<br>Uzla\u015ft\u0131rmac\u0131l\u0131k, 2017<\/p>\n\n\n\n<p><strong>Diller:<\/strong><\/p>\n\n\n\n<p>T\u00fcrk\u00e7e, \u0130ngilizce<\/p>\n<\/div>\n<\/div>\n\n\n\n<p><\/p>","protected":false},"excerpt":{"rendered":"<p>Muhammet Emin G\u00fclery\u00fcz Muhammet Emin G\u00fclery\u00fcz, Kad\u0131 Hukuk B\u00fcrosu\u2019nun kurucu orta\u011f\u0131d\u0131r. Profesyonel meslek hayat\u0131na 2008 y\u0131l\u0131nda serbest avukatl\u0131kla ba\u015flam\u0131\u015f, 2010-2017 y\u0131llar\u0131 aras\u0131nda h\u00e2kimlik yaparak devam etmi\u015ftir. 2017 y\u0131l\u0131nda h\u00e2kimlik mesle\u011finden ayr\u0131l\u0131p serbest avukatl\u0131\u011fa d\u00f6nen Muhammet Emin G\u00fclery\u00fcz bir s\u00fcre ulusal ve uluslararas\u0131 hizmet veren hukuk ofislerinde \u00e7al\u0131\u015fm\u0131\u015ft\u0131r. 2019 y\u0131l\u0131nda Kad\u0131 [&hellip;]<\/p>","protected":false},"author":1,"featured_media":295,"parent":0,"menu_order":0,"comment_status":"closed","ping_status":"closed","template":"","meta":[],"_links":{"self":[{"href":"https:\/\/www.kadihukuk.com\/en\/wp-json\/wp\/v2\/pages\/397"}],"collection":[{"href":"https:\/\/www.kadihukuk.com\/en\/wp-json\/wp\/v2\/pages"}],"about":[{"href":"https:\/\/www.kadihukuk.com\/en\/wp-json\/wp\/v2\/types\/page"}],"author":[{"embeddable":true,"href":"https:\/\/www.kadihukuk.com\/en\/wp-json\/wp\/v2\/users\/1"}],"replies":[{"embeddable":true,"href":"https:\/\/www.kadihukuk.com\/en\/wp-json\/wp\/v2\/comments?post=397"}],"version-history":[{"count":8,"href":"https:\/\/www.kadihukuk.com\/en\/wp-json\/wp\/v2\/pages\/397\/revisions"}],"predecessor-version":[{"id":511,"href":"https:\/\/www.kadihukuk.com\/en\/wp-json\/wp\/v2\/pages\/397\/revisions\/511"}],"wp:featuredmedia":[{"embeddable":true,"href":"https:\/\/www.kadihukuk.com\/en\/wp-json\/wp\/v2\/media\/295"}],"wp:attachment":[{"href":"https:\/\/www.kadihukuk.com\/en\/wp-json\/wp\/v2\/media?parent=397"}],"curies":[{"name":"wp","href":"https:\/\/api.w.org\/{rel}","templated":true}]}}