{"id":248,"date":"2021-01-27T19:44:36","date_gmt":"2021-01-27T19:44:36","guid":{"rendered":"http:\/\/www.kadihukuk.com\/?page_id=248"},"modified":"2021-10-05T13:11:16","modified_gmt":"2021-10-05T13:11:16","slug":"ana-sayfa","status":"publish","type":"page","link":"https:\/\/www.kadihukuk.com\/en\/ana-sayfa\/","title":{"rendered":"We are with you for justice."},"content":{"rendered":"<div class=\"wppsac-slick-slider-wrp wppsac-clearfix\">\r\n\t\t\t<div id=\"wppsac-post-slider-2\" class=\"wppsac-post-slider-init wppsac-post-slider design-4\">\r\n\t\t\t\t\r\n<div class=\"wppsac-post-slides\">\r\n\t<div class=\"wppsac-post-list\">\r\n\t\t<div class=\"wppsac-post-list-content\">\r\n\t\t\t\t\t\t\t<div class=\"wp-medium-5 wpcolumns\">\r\n\t\t\t\t\t<div class=\"wppsac-post-image-bg\">\r\n\t\t\t\t\t\t<a href=\"https:\/\/www.kadihukuk.com\/en\/genel\/makaleler\/fazla-calisma-nedir-nasil-ispatlanir\/\">\r\n\t\t\t\t\t\t\t<img  src=\"https:\/\/www.kadihukuk.com\/wp-content\/uploads\/2021\/08\/is-hukuku-nedir-2432.jpg\" alt=\"FAZLA \u00c7ALI\u015eMA NED\u0130R, NASIL \u0130SPATLANIR?\" \/>\r\n\t\t\t\t\t\t<\/a>\r\n\t\t\t\t\t<\/div>\r\n\t\t\t\t<\/div>\r\n\t\t\t\t\t\t<div class=\"wp-medium-7  wpcolumns\">\r\n\t\t\t\t\t\t\t\t\t<div class=\"wppsac-post-categories\"><ul class=\"wppsac-post-categories-list\"><li><a href=\"https:\/\/www.kadihukuk.com\/en\/category\/genel\/makaleler\/\" rel=\"category\"> Articles <\/a><\/li><\/ul><\/div>\r\n\t\t\t\t\t\t\t  \t<h2 class=\"wppsac-post-title\">\r\n\t\t\t\t\t<a href=\"https:\/\/www.kadihukuk.com\/en\/genel\/makaleler\/fazla-calisma-nedir-nasil-ispatlanir\/\">FAZLA \u00c7ALI\u015eMA NED\u0130R, NASIL \u0130SPATLANIR?<\/a>\r\n\t\t\t\t<\/h2>\r\n\t\t\t\t\t\t\t\t\t<div class=\"wppsac-post-date\">\r\n\t\t\t\t\t\t \r\n\t\t\t\t\t\t\t<span>By Kad\u0131 Hukuk B\u00fcrosu<\/span>\r\n\t\t\t\t\t\t&nbsp;\/&nbsp;18 August 2021\t\t\t\t\t<\/div>\r\n\t\t\t\t\t\t\t\t\t\t\t\t\t<div class=\"wppsac-post-content\">\r\n\t\t\t\t\t\t\t\t\t\t\t\t\t<div class=\"wppsac-sub-content\">\u0130\u015f hukukunda fazla \u00e7al\u0131\u015fma \u0130\u015f Kanununun 41. maddesinde ayr\u0131nt\u0131l\u0131 \u015fekilde d\u00fczenlenmi\u015ftir. Buna g\u00f6re; \u00dclkenin genel yararlar\u0131 yahut i\u015fin niteli\u011fi veya...<\/div>\r\n\t\t\t\t\t\t\t\t\t\t\t\t\t\t\t\t\t\t\t<a class=\"wppsac-readmorebtn\" href=\"https:\/\/www.kadihukuk.com\/en\/genel\/makaleler\/fazla-calisma-nedir-nasil-ispatlanir\/\">Read More<\/a>\r\n\t\t\t\t\t\t\t\t\t\t\t<\/div>\r\n\t\t\t\t\t\t\t<\/div>\r\n\t\t<\/div>\r\n\t<\/div>\r\n<\/div>\r\n<div class=\"wppsac-post-slides\">\r\n\t<div class=\"wppsac-post-list\">\r\n\t\t<div class=\"wppsac-post-list-content\">\r\n\t\t\t\t\t\t\t<div class=\"wp-medium-5 wpcolumns\">\r\n\t\t\t\t\t<div class=\"wppsac-post-image-bg\">\r\n\t\t\t\t\t\t<a href=\"https:\/\/www.kadihukuk.com\/en\/genel\/makaleler\/is-hukukunda-mobbing\/\">\r\n\t\t\t\t\t\t\t<img  src=\"https:\/\/www.kadihukuk.com\/wp-content\/uploads\/2021\/01\/shutterstock_1276367911.jpg\" alt=\"\u0130\u015e HUKUKUNDA \u201cMOBB\u0130NG\u201d\" \/>\r\n\t\t\t\t\t\t<\/a>\r\n\t\t\t\t\t<\/div>\r\n\t\t\t\t<\/div>\r\n\t\t\t\t\t\t<div class=\"wp-medium-7  wpcolumns\">\r\n\t\t\t\t\t\t\t\t\t<div class=\"wppsac-post-categories\"><ul class=\"wppsac-post-categories-list\"><li><a href=\"https:\/\/www.kadihukuk.com\/en\/category\/genel\/makaleler\/\" rel=\"category\"> Articles <\/a><\/li><\/ul><\/div>\r\n\t\t\t\t\t\t\t  \t<h2 class=\"wppsac-post-title\">\r\n\t\t\t\t\t<a href=\"https:\/\/www.kadihukuk.com\/en\/genel\/makaleler\/is-hukukunda-mobbing\/\">\u0130\u015e HUKUKUNDA \u201cMOBB\u0130NG\u201d<\/a>\r\n\t\t\t\t<\/h2>\r\n\t\t\t\t\t\t\t\t\t<div class=\"wppsac-post-date\">\r\n\t\t\t\t\t\t \r\n\t\t\t\t\t\t\t<span>By B\u00fc\u015fra G\u00f6rkem K\u00f6\u00e7er<\/span>\r\n\t\t\t\t\t\t&nbsp;\/&nbsp;10 August 2021\t\t\t\t\t<\/div>\r\n\t\t\t\t\t\t\t\t\t\t\t\t\t<div class=\"wppsac-post-content\">\r\n\t\t\t\t\t\t\t\t\t\t\t\t\t<div class=\"wppsac-sub-content\">Hukuk Literat\u00fcr\u00fcnde Mobbing \u201cPsikolojik taciz\u201d anlam\u0131na gelen \u201cmobbing\u201d kavram\u0131n\u0131n hukuk d\u00fcnyas\u0131ndaki tarihsel geli\u015fimi \u00e7ok eskilere uzanmamaktad\u0131r.&nbsp; \u0130lk olarak 1980 li...<\/div>\r\n\t\t\t\t\t\t\t\t\t\t\t\t\t\t\t\t\t\t\t<a class=\"wppsac-readmorebtn\" href=\"https:\/\/www.kadihukuk.com\/en\/genel\/makaleler\/is-hukukunda-mobbing\/\">Read More<\/a>\r\n\t\t\t\t\t\t\t\t\t\t\t<\/div>\r\n\t\t\t\t\t\t\t<\/div>\r\n\t\t<\/div>\r\n\t<\/div>\r\n<\/div>\r\n<div class=\"wppsac-post-slides\">\r\n\t<div class=\"wppsac-post-list\">\r\n\t\t<div class=\"wppsac-post-list-content\">\r\n\t\t\t\t\t\t\t<div class=\"wp-medium-5 wpcolumns\">\r\n\t\t\t\t\t<div class=\"wppsac-post-image-bg\">\r\n\t\t\t\t\t\t<a href=\"https:\/\/www.kadihukuk.com\/en\/genel\/makaleler\/malpraktis-davalari-2\/\">\r\n\t\t\t\t\t\t\t<img  src=\"https:\/\/www.kadihukuk.com\/wp-content\/uploads\/2021\/08\/WhatsApp-Image-2021-08-10-at-14.10.59.jpeg\" alt=\"MALPRAKT\u0130S DAVALARI\" \/>\r\n\t\t\t\t\t\t<\/a>\r\n\t\t\t\t\t<\/div>\r\n\t\t\t\t<\/div>\r\n\t\t\t\t\t\t<div class=\"wp-medium-7  wpcolumns\">\r\n\t\t\t\t\t\t\t\t\t<div class=\"wppsac-post-categories\"><ul class=\"wppsac-post-categories-list\"><li><a href=\"https:\/\/www.kadihukuk.com\/en\/category\/genel\/makaleler\/\" rel=\"category\"> Articles <\/a><\/li><\/ul><\/div>\r\n\t\t\t\t\t\t\t  \t<h2 class=\"wppsac-post-title\">\r\n\t\t\t\t\t<a href=\"https:\/\/www.kadihukuk.com\/en\/genel\/makaleler\/malpraktis-davalari-2\/\">MALPRAKT\u0130S DAVALARI<\/a>\r\n\t\t\t\t<\/h2>\r\n\t\t\t\t\t\t\t\t\t<div class=\"wppsac-post-date\">\r\n\t\t\t\t\t\t \r\n\t\t\t\t\t\t\t<span>By B\u00fc\u015fra G\u00f6rkem K\u00f6\u00e7er<\/span>\r\n\t\t\t\t\t\t&nbsp;\/&nbsp;10 August 2021\t\t\t\t\t<\/div>\r\n\t\t\t\t\t\t\t\t\t\t\t\t\t<div class=\"wppsac-post-content\">\r\n\t\t\t\t\t\t\t\t\t\t\t\t\t<div class=\"wppsac-sub-content\">MALPRAKT\u0130S NED\u0130R? T\u0131bbi malpraktis; hekimlik mesle\u011finin bilgisizlik, deneyimsizlik ya da ilgisizlik\/ihmal nedeniyle k\u00f6t\u00fc uygulanmas\u0131 anlam\u0131na gelmektedir. Hekimli\u011fin k\u00f6t\u00fc uygulanmas\u0131; yanl\u0131\u015f...<\/div>\r\n\t\t\t\t\t\t\t\t\t\t\t\t\t\t\t\t\t\t\t<a class=\"wppsac-readmorebtn\" href=\"https:\/\/www.kadihukuk.com\/en\/genel\/makaleler\/malpraktis-davalari-2\/\">Read More<\/a>\r\n\t\t\t\t\t\t\t\t\t\t\t<\/div>\r\n\t\t\t\t\t\t\t<\/div>\r\n\t\t<\/div>\r\n\t<\/div>\r\n<\/div>\r\n<div class=\"wppsac-post-slides\">\r\n\t<div class=\"wppsac-post-list\">\r\n\t\t<div class=\"wppsac-post-list-content\">\r\n\t\t\t\t\t\t\t<div class=\"wp-medium-5 wpcolumns\">\r\n\t\t\t\t\t<div class=\"wppsac-post-image-bg\">\r\n\t\t\t\t\t\t<a href=\"https:\/\/www.kadihukuk.com\/en\/genel\/makaleler\/genel-saglik-sigortasi-ve-ozel-saglik-sigortalarindan-kaynaklanan-rucu-hakki\/\">\r\n\t\t\t\t\t\t\t<img  src=\"https:\/\/www.kadihukuk.com\/wp-content\/uploads\/2021\/01\/bigstock-Lawyer-Working-With-Documents-267876433-min-653x300-1.jpg\" alt=\"GENEL SA\u011eLIK S\u0130GORTASI VE \u00d6ZEL SA\u011eLIK S\u0130GORTALARINDAN KAYNAKLANAN R\u00dcCU HAKKI\" \/>\r\n\t\t\t\t\t\t<\/a>\r\n\t\t\t\t\t<\/div>\r\n\t\t\t\t<\/div>\r\n\t\t\t\t\t\t<div class=\"wp-medium-7  wpcolumns\">\r\n\t\t\t\t\t\t\t\t\t<div class=\"wppsac-post-categories\"><ul class=\"wppsac-post-categories-list\"><li><a href=\"https:\/\/www.kadihukuk.com\/en\/category\/genel\/makaleler\/\" rel=\"category\"> Articles <\/a><\/li><\/ul><\/div>\r\n\t\t\t\t\t\t\t  \t<h2 class=\"wppsac-post-title\">\r\n\t\t\t\t\t<a href=\"https:\/\/www.kadihukuk.com\/en\/genel\/makaleler\/genel-saglik-sigortasi-ve-ozel-saglik-sigortalarindan-kaynaklanan-rucu-hakki\/\">GENEL SA\u011eLIK S\u0130GORTASI VE \u00d6ZEL SA\u011eLIK S\u0130GORTALARINDAN KAYNAKLANAN R\u00dcCU HAKKI<\/a>\r\n\t\t\t\t<\/h2>\r\n\t\t\t\t\t\t\t\t\t<div class=\"wppsac-post-date\">\r\n\t\t\t\t\t\t \r\n\t\t\t\t\t\t\t<span>By Muhammet Emin G\u00fclery\u00fcz<\/span>\r\n\t\t\t\t\t\t&nbsp;\/&nbsp;10 August 2021\t\t\t\t\t<\/div>\r\n\t\t\t\t\t\t\t\t\t\t\t\t\t<div class=\"wppsac-post-content\">\r\n\t\t\t\t\t\t\t\t\t\t\t\t\t<div class=\"wppsac-sub-content\">B\u0130R\u0130NC\u0130 B\u00d6L\u00dcM G\u0130R\u0130\u015e \u0130nsan\u0131n sa\u011fl\u0131\u011f\u0131 kendisi i\u00e7in de\u011ferli ve \u00f6nemli oldu\u011fu kadar toplum i\u00e7in de \u00f6nemlidir. \u0130nsan\u0131n sa\u011fl\u0131kl\u0131 ya\u015famas\u0131 toplumun...<\/div>\r\n\t\t\t\t\t\t\t\t\t\t\t\t\t\t\t\t\t\t\t<a class=\"wppsac-readmorebtn\" href=\"https:\/\/www.kadihukuk.com\/en\/genel\/makaleler\/genel-saglik-sigortasi-ve-ozel-saglik-sigortalarindan-kaynaklanan-rucu-hakki\/\">Read More<\/a>\r\n\t\t\t\t\t\t\t\t\t\t\t<\/div>\r\n\t\t\t\t\t\t\t<\/div>\r\n\t\t<\/div>\r\n\t<\/div>\r\n<\/div>\r\n<div class=\"wppsac-post-slides\">\r\n\t<div class=\"wppsac-post-list\">\r\n\t\t<div class=\"wppsac-post-list-content\">\r\n\t\t\t\t\t\t\t<div class=\"wp-medium-5 wpcolumns\">\r\n\t\t\t\t\t<div class=\"wppsac-post-image-bg\">\r\n\t\t\t\t\t\t<a href=\"https:\/\/www.kadihukuk.com\/en\/genel\/haberler\/merhaba\/\">\r\n\t\t\t\t\t\t\t<img  src=\"https:\/\/www.kadihukuk.com\/wp-content\/uploads\/2020\/08\/cropped-Kad\u0131-Hukuk-Bu\u0308rosu-Logo-4-.png\" alt=\"Merhaba!\" \/>\r\n\t\t\t\t\t\t<\/a>\r\n\t\t\t\t\t<\/div>\r\n\t\t\t\t<\/div>\r\n\t\t\t\t\t\t<div class=\"wp-medium-7  wpcolumns\">\r\n\t\t\t\t\t\t\t\t\t<div class=\"wppsac-post-categories\"><ul class=\"wppsac-post-categories-list\"><li><a href=\"https:\/\/www.kadihukuk.com\/en\/category\/genel\/haberler\/\" rel=\"category\"> News <\/a><\/li><\/ul><\/div>\r\n\t\t\t\t\t\t\t  \t<h2 class=\"wppsac-post-title\">\r\n\t\t\t\t\t<a href=\"https:\/\/www.kadihukuk.com\/en\/genel\/haberler\/merhaba\/\">Hi!<\/a>\r\n\t\t\t\t<\/h2>\r\n\t\t\t\t\t\t\t\t\t<div class=\"wppsac-post-date\">\r\n\t\t\t\t\t\t \r\n\t\t\t\t\t\t\t<span>By admin<\/span>\r\n\t\t\t\t\t\t&nbsp;\/&nbsp;12 June 2020\t\t\t\t\t<\/div>\r\n\t\t\t\t\t\t\t\t\t\t\t\t\t<div class=\"wppsac-post-content\">\r\n\t\t\t\t\t\t\t\t\t\t\t\t\t<div class=\"wppsac-sub-content\">Kad\u0131 Hukuk B\u00fcrosu olarak g\u00fc\u00e7l\u00fc avukat ve dan\u0131\u015fman kadromuzla \u0130stanbul, Ankara ve \u0130zmir ba\u015fta olmak \u00fczere t\u00fcm T\u00fcrkiye'de hukuk dan\u0131\u015fmanl\u0131\u011f\u0131...<\/div>\r\n\t\t\t\t\t\t\t\t\t\t\t\t\t\t\t\t\t\t\t<a class=\"wppsac-readmorebtn\" href=\"https:\/\/www.kadihukuk.com\/en\/genel\/haberler\/merhaba\/\">Read More<\/a>\r\n\t\t\t\t\t\t\t\t\t\t\t<\/div>\r\n\t\t\t\t\t\t\t<\/div>\r\n\t\t<\/div>\r\n\t<\/div>\r\n<\/div>\t\t\t<\/div>\r\n\t\t\t<div class=\"wppsac-slider-conf wppsac-hide\" data-conf=\"{&quot;dots&quot;:&quot;true&quot;,&quot;arrows&quot;:&quot;true&quot;,&quot;autoplay&quot;:&quot;true&quot;,&quot;autoplay_interval&quot;:3000,&quot;speed&quot;:500,&quot;rtl&quot;:&quot;false&quot;,&quot;lazyload&quot;:&quot;&quot;}\"><\/div>\r\n\t\t<\/div>\r\n\t\n\n\n\n<div class=\"wp-block-themeisle-blocks-advanced-columns has-1-columns has-desktop-equal-layout has-tablet-equal-layout has-mobile-equal-layout has-default-gap has-vertical-center\" id=\"wp-block-themeisle-blocks-advanced-columns-e6e19e58\"><div class=\"wp-block-themeisle-blocks-advanced-columns-overlay\"><\/div><div class=\"innerblocks-wrap\">\n<div class=\"wp-block-themeisle-blocks-advanced-column\" id=\"wp-block-themeisle-blocks-advanced-column-3f49a478\">\n<h5 id=\"wp-block-themeisle-blocks-advanced-heading-36bd35a1\" class=\"wp-block-themeisle-blocks-advanced-heading wp-block-themeisle-blocks-advanced-heading-36bd35a1\">This is the paragraph where you can write more details about your product. Keep you user engaged by providing meaningful information. Remember that by this time, the user is curious, otherwise he wouldn&#8217;t scroll to get here.<\/h5>\n\n\n\t\t<div class=\"wppsac-slick-slider-wrp wppsac-clearfix\">\r\n\t\t\t<div id=\"wppsac-post-slider-1\" class=\"wppsac-post-slider-init wppsac-post-slider design-1\">\r\n\t\t\t\t\r\n<div class=\"wppsac-post-slides\">\r\n\t<div class=\"wppsac-post-content-position\">\r\n\t\t<div class=\"wppsac-post-content-left wp-medium-8 wpcolumns\">\r\n\t\t\t\t\t\t\t<div class=\"wppsac-post-categories\"><ul class=\"wppsac-post-categories-list\"><li><a href=\"https:\/\/www.kadihukuk.com\/en\/category\/genel\/makaleler\/\" rel=\"category\"> Articles <\/a><\/li><\/ul><\/div>\r\n\t\t\t\t\t  \t<h2 class=\"wppsac-post-title\">\r\n\t\t\t\t<a href=\"https:\/\/www.kadihukuk.com\/en\/genel\/makaleler\/fazla-calisma-nedir-nasil-ispatlanir\/\">FAZLA \u00c7ALI\u015eMA NED\u0130R, NASIL \u0130SPATLANIR?<\/a>\r\n\t\t\t<\/h2>\r\n\t\t\t\t\t\t\t<div class=\"wppsac-post-date\">\r\n\t\t\t\t\t\t\t\t\t\t\t<span>By  Kad\u0131 Hukuk B\u00fcrosu<\/span>\r\n\t\t\t\t\t&nbsp;\/&nbsp;18 August 2021\t\t\t\t<\/div>\r\n\t\t\t\t\t\t\t\t\t\t<div class=\"wppsac-post-content\">\r\n\t\t\t\t\t\t\t\t\t\t\t<div class=\"wppsac-sub-content\">\u0130\u015f hukukunda fazla \u00e7al\u0131\u015fma \u0130\u015f Kanununun 41. maddesinde ayr\u0131nt\u0131l\u0131 \u015fekilde d\u00fczenlenmi\u015ftir. Buna g\u00f6re; \u00dclkenin genel yararlar\u0131 yahut i\u015fin niteli\u011fi veya&#8230;<\/div>\r\n\t\t\t\t\t\t\t\t\t\t\t\t\t\t\t\t<a class=\"wppsac-readmorebtn\" href=\"https:\/\/www.kadihukuk.com\/en\/genel\/makaleler\/fazla-calisma-nedir-nasil-ispatlanir\/\">Read More<\/a>\r\n\t\t\t\t\t\t\t\t\t<\/div>\r\n\t\t\t\t\t<\/div>\r\n\t\t<div class=\"wppsac-post-image-bg\">\r\n\t\t\t<a href=\"https:\/\/www.kadihukuk.com\/en\/genel\/makaleler\/fazla-calisma-nedir-nasil-ispatlanir\/\">\r\n\t\t\t\t\t\t\t\t\t<img  src=\"https:\/\/www.kadihukuk.com\/wp-content\/uploads\/2021\/08\/is-hukuku-nedir-2432.jpg\" alt=\"FAZLA \u00c7ALI\u015eMA NED\u0130R, NASIL \u0130SPATLANIR?\" \/>\r\n\t\t\t\t\t\t\t<\/a>\r\n\t\t<\/div>\r\n\t<\/div>\r\n<\/div>\r\n<div class=\"wppsac-post-slides\">\r\n\t<div class=\"wppsac-post-content-position\">\r\n\t\t<div class=\"wppsac-post-content-left wp-medium-8 wpcolumns\">\r\n\t\t\t\t\t\t\t<div class=\"wppsac-post-categories\"><ul class=\"wppsac-post-categories-list\"><li><a href=\"https:\/\/www.kadihukuk.com\/en\/category\/genel\/makaleler\/\" rel=\"category\"> Articles <\/a><\/li><\/ul><\/div>\r\n\t\t\t\t\t  \t<h2 class=\"wppsac-post-title\">\r\n\t\t\t\t<a href=\"https:\/\/www.kadihukuk.com\/en\/genel\/makaleler\/is-hukukunda-mobbing\/\">\u0130\u015e HUKUKUNDA \u201cMOBB\u0130NG\u201d<\/a>\r\n\t\t\t<\/h2>\r\n\t\t\t\t\t\t\t<div class=\"wppsac-post-date\">\r\n\t\t\t\t\t\t\t\t\t\t\t<span>By  B\u00fc\u015fra G\u00f6rkem K\u00f6\u00e7er<\/span>\r\n\t\t\t\t\t&nbsp;\/&nbsp;10 August 2021\t\t\t\t<\/div>\r\n\t\t\t\t\t\t\t\t\t\t<div class=\"wppsac-post-content\">\r\n\t\t\t\t\t\t\t\t\t\t\t<div class=\"wppsac-sub-content\">Hukuk Literat\u00fcr\u00fcnde Mobbing \u201cPsikolojik taciz\u201d anlam\u0131na gelen \u201cmobbing\u201d kavram\u0131n\u0131n hukuk d\u00fcnyas\u0131ndaki tarihsel geli\u015fimi \u00e7ok eskilere uzanmamaktad\u0131r.&nbsp; \u0130lk olarak 1980 li&#8230;<\/div>\r\n\t\t\t\t\t\t\t\t\t\t\t\t\t\t\t\t<a class=\"wppsac-readmorebtn\" href=\"https:\/\/www.kadihukuk.com\/en\/genel\/makaleler\/is-hukukunda-mobbing\/\">Read More<\/a>\r\n\t\t\t\t\t\t\t\t\t<\/div>\r\n\t\t\t\t\t<\/div>\r\n\t\t<div class=\"wppsac-post-image-bg\">\r\n\t\t\t<a href=\"https:\/\/www.kadihukuk.com\/en\/genel\/makaleler\/is-hukukunda-mobbing\/\">\r\n\t\t\t\t\t\t\t\t\t<img  src=\"https:\/\/www.kadihukuk.com\/wp-content\/uploads\/2021\/01\/shutterstock_1276367911.jpg\" alt=\"\u0130\u015e HUKUKUNDA \u201cMOBB\u0130NG\u201d\" \/>\r\n\t\t\t\t\t\t\t<\/a>\r\n\t\t<\/div>\r\n\t<\/div>\r\n<\/div>\r\n<div class=\"wppsac-post-slides\">\r\n\t<div class=\"wppsac-post-content-position\">\r\n\t\t<div class=\"wppsac-post-content-left wp-medium-8 wpcolumns\">\r\n\t\t\t\t\t\t\t<div class=\"wppsac-post-categories\"><ul class=\"wppsac-post-categories-list\"><li><a href=\"https:\/\/www.kadihukuk.com\/en\/category\/genel\/makaleler\/\" rel=\"category\"> Articles <\/a><\/li><\/ul><\/div>\r\n\t\t\t\t\t  \t<h2 class=\"wppsac-post-title\">\r\n\t\t\t\t<a href=\"https:\/\/www.kadihukuk.com\/en\/genel\/makaleler\/malpraktis-davalari-2\/\">MALPRAKT\u0130S DAVALARI<\/a>\r\n\t\t\t<\/h2>\r\n\t\t\t\t\t\t\t<div class=\"wppsac-post-date\">\r\n\t\t\t\t\t\t\t\t\t\t\t<span>By  B\u00fc\u015fra G\u00f6rkem K\u00f6\u00e7er<\/span>\r\n\t\t\t\t\t&nbsp;\/&nbsp;10 August 2021\t\t\t\t<\/div>\r\n\t\t\t\t\t\t\t\t\t\t<div class=\"wppsac-post-content\">\r\n\t\t\t\t\t\t\t\t\t\t\t<div class=\"wppsac-sub-content\">MALPRAKT\u0130S NED\u0130R? T\u0131bbi malpraktis; hekimlik mesle\u011finin bilgisizlik, deneyimsizlik ya da ilgisizlik\/ihmal nedeniyle k\u00f6t\u00fc uygulanmas\u0131 anlam\u0131na gelmektedir. Hekimli\u011fin k\u00f6t\u00fc uygulanmas\u0131; yanl\u0131\u015f&#8230;<\/div>\r\n\t\t\t\t\t\t\t\t\t\t\t\t\t\t\t\t<a class=\"wppsac-readmorebtn\" href=\"https:\/\/www.kadihukuk.com\/en\/genel\/makaleler\/malpraktis-davalari-2\/\">Read More<\/a>\r\n\t\t\t\t\t\t\t\t\t<\/div>\r\n\t\t\t\t\t<\/div>\r\n\t\t<div class=\"wppsac-post-image-bg\">\r\n\t\t\t<a href=\"https:\/\/www.kadihukuk.com\/en\/genel\/makaleler\/malpraktis-davalari-2\/\">\r\n\t\t\t\t\t\t\t\t\t<img  src=\"https:\/\/www.kadihukuk.com\/wp-content\/uploads\/2021\/08\/WhatsApp-Image-2021-08-10-at-14.10.59.jpeg\" alt=\"MALPRAKT\u0130S DAVALARI\" \/>\r\n\t\t\t\t\t\t\t<\/a>\r\n\t\t<\/div>\r\n\t<\/div>\r\n<\/div>\r\n<div class=\"wppsac-post-slides\">\r\n\t<div class=\"wppsac-post-content-position\">\r\n\t\t<div class=\"wppsac-post-content-left wp-medium-8 wpcolumns\">\r\n\t\t\t\t\t\t\t<div class=\"wppsac-post-categories\"><ul class=\"wppsac-post-categories-list\"><li><a href=\"https:\/\/www.kadihukuk.com\/en\/category\/genel\/makaleler\/\" rel=\"category\"> Articles <\/a><\/li><\/ul><\/div>\r\n\t\t\t\t\t  \t<h2 class=\"wppsac-post-title\">\r\n\t\t\t\t<a href=\"https:\/\/www.kadihukuk.com\/en\/genel\/makaleler\/genel-saglik-sigortasi-ve-ozel-saglik-sigortalarindan-kaynaklanan-rucu-hakki\/\">GENEL SA\u011eLIK S\u0130GORTASI VE \u00d6ZEL SA\u011eLIK S\u0130GORTALARINDAN KAYNAKLANAN R\u00dcCU HAKKI<\/a>\r\n\t\t\t<\/h2>\r\n\t\t\t\t\t\t\t<div class=\"wppsac-post-date\">\r\n\t\t\t\t\t\t\t\t\t\t\t<span>By  Muhammet Emin G\u00fclery\u00fcz<\/span>\r\n\t\t\t\t\t&nbsp;\/&nbsp;10 August 2021\t\t\t\t<\/div>\r\n\t\t\t\t\t\t\t\t\t\t<div class=\"wppsac-post-content\">\r\n\t\t\t\t\t\t\t\t\t\t\t<div class=\"wppsac-sub-content\">B\u0130R\u0130NC\u0130 B\u00d6L\u00dcM G\u0130R\u0130\u015e \u0130nsan\u0131n sa\u011fl\u0131\u011f\u0131 kendisi i\u00e7in de\u011ferli ve \u00f6nemli oldu\u011fu kadar toplum i\u00e7in de \u00f6nemlidir. \u0130nsan\u0131n sa\u011fl\u0131kl\u0131 ya\u015famas\u0131 toplumun&#8230;<\/div>\r\n\t\t\t\t\t\t\t\t\t\t\t\t\t\t\t\t<a class=\"wppsac-readmorebtn\" href=\"https:\/\/www.kadihukuk.com\/en\/genel\/makaleler\/genel-saglik-sigortasi-ve-ozel-saglik-sigortalarindan-kaynaklanan-rucu-hakki\/\">Read More<\/a>\r\n\t\t\t\t\t\t\t\t\t<\/div>\r\n\t\t\t\t\t<\/div>\r\n\t\t<div class=\"wppsac-post-image-bg\">\r\n\t\t\t<a href=\"https:\/\/www.kadihukuk.com\/en\/genel\/makaleler\/genel-saglik-sigortasi-ve-ozel-saglik-sigortalarindan-kaynaklanan-rucu-hakki\/\">\r\n\t\t\t\t\t\t\t\t\t<img  src=\"https:\/\/www.kadihukuk.com\/wp-content\/uploads\/2021\/01\/bigstock-Lawyer-Working-With-Documents-267876433-min-653x300-1.jpg\" alt=\"GENEL SA\u011eLIK S\u0130GORTASI VE \u00d6ZEL SA\u011eLIK S\u0130GORTALARINDAN KAYNAKLANAN R\u00dcCU HAKKI\" \/>\r\n\t\t\t\t\t\t\t<\/a>\r\n\t\t<\/div>\r\n\t<\/div>\r\n<\/div>\r\n<div class=\"wppsac-post-slides\">\r\n\t<div class=\"wppsac-post-content-position\">\r\n\t\t<div class=\"wppsac-post-content-left wp-medium-8 wpcolumns\">\r\n\t\t\t\t\t\t\t<div class=\"wppsac-post-categories\"><ul class=\"wppsac-post-categories-list\"><li><a href=\"https:\/\/www.kadihukuk.com\/en\/category\/genel\/haberler\/\" rel=\"category\"> News <\/a><\/li><\/ul><\/div>\r\n\t\t\t\t\t  \t<h2 class=\"wppsac-post-title\">\r\n\t\t\t\t<a href=\"https:\/\/www.kadihukuk.com\/en\/genel\/haberler\/merhaba\/\">Hi!<\/a>\r\n\t\t\t<\/h2>\r\n\t\t\t\t\t\t\t<div class=\"wppsac-post-date\">\r\n\t\t\t\t\t\t\t\t\t\t\t<span>By  admin<\/span>\r\n\t\t\t\t\t&nbsp;\/&nbsp;12 June 2020\t\t\t\t<\/div>\r\n\t\t\t\t\t\t\t\t\t\t<div class=\"wppsac-post-content\">\r\n\t\t\t\t\t\t\t\t\t\t\t<div class=\"wppsac-sub-content\">Kad\u0131 Hukuk B\u00fcrosu olarak g\u00fc\u00e7l\u00fc avukat ve dan\u0131\u015fman kadromuzla \u0130stanbul, Ankara ve \u0130zmir ba\u015fta olmak \u00fczere t\u00fcm T\u00fcrkiye&#8217;de hukuk dan\u0131\u015fmanl\u0131\u011f\u0131&#8230;<\/div>\r\n\t\t\t\t\t\t\t\t\t\t\t\t\t\t\t\t<a class=\"wppsac-readmorebtn\" href=\"https:\/\/www.kadihukuk.com\/en\/genel\/haberler\/merhaba\/\">Read More<\/a>\r\n\t\t\t\t\t\t\t\t\t<\/div>\r\n\t\t\t\t\t<\/div>\r\n\t\t<div class=\"wppsac-post-image-bg\">\r\n\t\t\t<a href=\"https:\/\/www.kadihukuk.com\/en\/genel\/haberler\/merhaba\/\">\r\n\t\t\t\t\t\t\t\t\t<img  src=\"https:\/\/www.kadihukuk.com\/wp-content\/uploads\/2020\/08\/cropped-Kad\u0131-Hukuk-Bu\u0308rosu-Logo-4-.png\" alt=\"Merhaba!\" \/>\r\n\t\t\t\t\t\t\t<\/a>\r\n\t\t<\/div>\r\n\t<\/div>\r\n<\/div>\t\t\t<\/div>\r\n\t\t\t<div class=\"wppsac-slider-conf wppsac-hide\" data-conf=\"{&quot;dots&quot;:&quot;true&quot;,&quot;arrows&quot;:&quot;true&quot;,&quot;autoplay&quot;:&quot;true&quot;,&quot;autoplay_interval&quot;:3000,&quot;speed&quot;:500,&quot;rtl&quot;:&quot;false&quot;,&quot;lazyload&quot;:&quot;&quot;}\"><\/div>\r\n\t\t<\/div>\r\n\t\n\n\n<div class=\"wp-block-themeisle-blocks-advanced-columns has-3-columns has-desktop-equal-layout has-tablet-collapsedRows-layout has-mobile-collapsedRows-layout has-nogap-gap has-vertical-flex-start\" id=\"wp-block-themeisle-blocks-advanced-columns-145906bb\"><div class=\"wp-block-themeisle-blocks-advanced-columns-overlay\"><\/div><div class=\"innerblocks-wrap\">\n<div class=\"wp-block-themeisle-blocks-advanced-column\" id=\"wp-block-themeisle-blocks-advanced-column-ec474cc5\">\n<p class=\"wp-block-themeisle-blocks-font-awesome-icons\" id=\"wp-block-themeisle-blocks-font-awesome-icons-aca9a6c1\"><span class=\"wp-block-themeisle-blocks-font-awesome-icons-container\"><i class=\"fas fa-th\"><\/i><\/span><\/p>\n\n\n\n<h4 id=\"wp-block-themeisle-blocks-advanced-heading-6f25f820\" class=\"wp-block-themeisle-blocks-advanced-heading wp-block-themeisle-blocks-advanced-heading-6f25f820\">Responsive<\/h4>\n\n\n\n<h2 id=\"wp-block-themeisle-blocks-advanced-heading-4f64b8d1\" class=\"wp-block-themeisle-blocks-advanced-heading wp-block-themeisle-blocks-advanced-heading-4f64b8d1\">Lorem ipsum dolor sit amet, consectetur adipiscing elit, sed do eiusmod tempor incididunt ut labore et dolore magna aliqua.<\/h2>\n<\/div>\n\n\n\n<div class=\"wp-block-themeisle-blocks-advanced-column\" id=\"wp-block-themeisle-blocks-advanced-column-7e3ecab4\">\n<p class=\"wp-block-themeisle-blocks-font-awesome-icons\" id=\"wp-block-themeisle-blocks-font-awesome-icons-660c3b8e\"><span class=\"wp-block-themeisle-blocks-font-awesome-icons-container\"><i class=\"fas fa-bars\"><\/i><\/span><\/p>\n\n\n\n<h4 id=\"wp-block-themeisle-blocks-advanced-heading-2cc2d503\" class=\"wp-block-themeisle-blocks-advanced-heading wp-block-themeisle-blocks-advanced-heading-2cc2d503\">Quality<\/h4>\n\n\n\n<h2 id=\"wp-block-themeisle-blocks-advanced-heading-e5ed020f\" class=\"wp-block-themeisle-blocks-advanced-heading wp-block-themeisle-blocks-advanced-heading-e5ed020f\">Divide details about your product or agency work into parts. A paragraph describing a feature will be enough for the time being.<\/h2>\n<\/div>\n\n\n\n<div class=\"wp-block-themeisle-blocks-advanced-column\" id=\"wp-block-themeisle-blocks-advanced-column-dc78d968\">\n<p class=\"wp-block-themeisle-blocks-font-awesome-icons\" id=\"wp-block-themeisle-blocks-font-awesome-icons-7ad2f172\"><span class=\"wp-block-themeisle-blocks-font-awesome-icons-container\"><i class=\"far fa-life-ring\"><\/i><\/span><\/p>\n\n\n\n<h4 id=\"wp-block-themeisle-blocks-advanced-heading-c5d37fcb\" class=\"wp-block-themeisle-blocks-advanced-heading wp-block-themeisle-blocks-advanced-heading-c5d37fcb\">Support<\/h4>\n\n\n\n<h2 id=\"wp-block-themeisle-blocks-advanced-heading-ef5b1a44\" class=\"wp-block-themeisle-blocks-advanced-heading wp-block-themeisle-blocks-advanced-heading-ef5b1a44\">Lorem ipsum dolor sit amet, consectetur adipiscing elit, sed do eiusmod tempor incididunt ut labore et dolore magna aliqua.<\/h2>\n<\/div>\n<\/div><\/div>\n<\/div>\n<\/div><\/div>","protected":false},"excerpt":{"rendered":"","protected":false},"author":3,"featured_media":96,"parent":0,"menu_order":0,"comment_status":"closed","ping_status":"closed","template":"page-templates\/template-fullwidth.php","meta":[],"_links":{"self":[{"href":"https:\/\/www.kadihukuk.com\/en\/wp-json\/wp\/v2\/pages\/248"}],"collection":[{"href":"https:\/\/www.kadihukuk.com\/en\/wp-json\/wp\/v2\/pages"}],"about":[{"href":"https:\/\/www.kadihukuk.com\/en\/wp-json\/wp\/v2\/types\/page"}],"author":[{"embeddable":true,"href":"https:\/\/www.kadihukuk.com\/en\/wp-json\/wp\/v2\/users\/3"}],"replies":[{"embeddable":true,"href":"https:\/\/www.kadihukuk.com\/en\/wp-json\/wp\/v2\/comments?post=248"}],"version-history":[{"count":12,"href":"https:\/\/www.kadihukuk.com\/en\/wp-json\/wp\/v2\/pages\/248\/revisions"}],"predecessor-version":[{"id":624,"href":"https:\/\/www.kadihukuk.com\/en\/wp-json\/wp\/v2\/pages\/248\/revisions\/624"}],"wp:featuredmedia":[{"embeddable":true,"href":"https:\/\/www.kadihukuk.com\/en\/wp-json\/wp\/v2\/media\/96"}],"wp:attachment":[{"href":"https:\/\/www.kadihukuk.com\/en\/wp-json\/wp\/v2\/media?parent=248"}],"curies":[{"name":"wp","href":"https:\/\/api.w.org\/{rel}","templated":true}]}}