{"id":165,"date":"2020-08-15T21:41:49","date_gmt":"2020-08-15T21:41:49","guid":{"rendered":"http:\/\/www.kadihukuk.com\/?page_id=165"},"modified":"2021-01-27T08:34:45","modified_gmt":"2021-01-27T08:34:45","slug":"faaliyet-alanlarimiz","status":"publish","type":"page","link":"https:\/\/www.kadihukuk.com\/en\/faaliyet-alanlarimiz\/","title":{"rendered":"Fields of Activity"},"content":{"rendered":"<ul><li>Family Law<\/li><li>Mediation<\/li><li>\u200bBanking and Finance<\/li><li>Press and Media<\/li><li>Information Technology<\/li><li>Mergers and Acquisitions<\/li><li>Criminal Law<\/li><li>Litigation and Dispute Resolution\u200b<\/li><li>Blockchain, Cryptocurrency and ICO Technologies<\/li><li>Energy and Mining Law<\/li><li>Intellectual Property Law<\/li><li>Real Estate Law<\/li><li>Venture Capital Investments<\/li><li>Enforcement and Bankruptcy Law<\/li><li>Administration And Tax Law<\/li><li>Labor and Social Security Law<\/li><li>Data Protection Law<\/li><li>Privatisation Law<\/li><li>Competition Law<\/li><li>Healthcare and Pharmaceuticals<\/li><li>Corporate Law<\/li><li>Consumer Law<\/li><li>International Trade Law<\/li><li>Immigration Law<\/li><\/ul>\n\n\n\n<p><\/p>","protected":false},"excerpt":{"rendered":"<p>Aile Hukuku Arabuluculuk Hizmeti Bankac\u0131l\u0131k ve Finans Bas\u0131n ve Medya Bili\u015fim Hukuku Birle\u015fme ve Devralmalar Ceza Hukuku Dava ve Uyu\u015fmazl\u0131k \u00c7\u00f6z\u00fcm\u00fc Elektronik Para ve \u00d6deme Hizmetleri Enerji ve Madencilik Hukuku Fikri M\u00fclkiyet Hukuku Gayrimenkul Hukuku Giri\u015fim Sermayesi Yat\u0131r\u0131mlar\u0131 \u0130cra ve \u0130flas Hukuku \u0130dare ve Vergi Hukuku \u0130\u015f ve Sosyal G\u00fcvenlik [&hellip;]<\/p>","protected":false},"author":1,"featured_media":67,"parent":0,"menu_order":0,"comment_status":"closed","ping_status":"closed","template":"","meta":[],"_links":{"self":[{"href":"https:\/\/www.kadihukuk.com\/en\/wp-json\/wp\/v2\/pages\/165"}],"collection":[{"href":"https:\/\/www.kadihukuk.com\/en\/wp-json\/wp\/v2\/pages"}],"about":[{"href":"https:\/\/www.kadihukuk.com\/en\/wp-json\/wp\/v2\/types\/page"}],"author":[{"embeddable":true,"href":"https:\/\/www.kadihukuk.com\/en\/wp-json\/wp\/v2\/users\/1"}],"replies":[{"embeddable":true,"href":"https:\/\/www.kadihukuk.com\/en\/wp-json\/wp\/v2\/comments?post=165"}],"version-history":[{"count":5,"href":"https:\/\/www.kadihukuk.com\/en\/wp-json\/wp\/v2\/pages\/165\/revisions"}],"predecessor-version":[{"id":557,"href":"https:\/\/www.kadihukuk.com\/en\/wp-json\/wp\/v2\/pages\/165\/revisions\/557"}],"wp:featuredmedia":[{"embeddable":true,"href":"https:\/\/www.kadihukuk.com\/en\/wp-json\/wp\/v2\/media\/67"}],"wp:attachment":[{"href":"https:\/\/www.kadihukuk.com\/en\/wp-json\/wp\/v2\/media?parent=165"}],"curies":[{"name":"wp","href":"https:\/\/api.w.org\/{rel}","templated":true}]}}